{"id":18352,"date":"2019-10-15T10:56:08","date_gmt":"2019-10-15T08:56:08","guid":{"rendered":"https:\/\/www.cogefrin.it\/?page_id=18352"},"modified":"2024-10-01T16:46:44","modified_gmt":"2024-10-01T14:46:44","slug":"home-v1","status":"publish","type":"page","link":"https:\/\/www.cogefrin.it\/en\/","title":{"rendered":"Home"},"content":{"rendered":"<div class=\"vgblk-rw-wrapper limit-wrapper\">\n<h2>\n\tOur <b>services<\/b>\n\t<\/h2>\n\t<p>Cogefrin Spa is your partner in shipping all over the world via sea, air, and truck. Import and Export General Cargo for trade Fairs and International Events<\/p>\n\t<p>From the start to the delivery of your goods, you can count on the experienced and helpful staff to make the operations of the customs are simple and without delays.<\/p>\n\t<p>The optimal solution for Companies that need to outsource the protection of the goods and their special packaging, reducing the costs of management.<\/p>\n\t<h1>We take care of your shipments from 1968<\/h1>\n\t<p>Grazie al personale altamente qualificato, all&#8217;espansione in diverse strutture e i numerosi accordi con i nostri Partner, siamo riconosciuti internazionalmente per la nostra esperienza e affidabilit\u00e0 nelle Spedizioni Internazionali di Import ed Export.<\/p>\n\t<p>All the branches are located in strategic locations, are close to the main roads, to the structures, customs, and airport. A selection of the highly desired to facilitate contacts and links with the world of transport.<\/p>\n\t<a href=\"https:\/\/www.cogefrin.it\/en\/azienda\/cogefrin-group\/\" target=\"_self\" role=\"button\" rel=\"noopener\">\n\t\t\t\t\tMore info \u2192\n\t<\/a>\n\t<iframe loading=\"lazy\" width=\"100%\" height=\"650px\" src=\"https:\/\/maps.google.com\/maps?width=100&amp;height=650&amp;hl=en&amp;q=44.561314%2C%2011.363582+(Cogefrin%20Group)&amp;ie=UTF8&amp;t=k&amp;z=18&amp;iwloc=B&amp;output=embed\" frameborder=\"0\" scrolling=\"no\" marginheight=\"0\" marginwidth=\"0\"><\/iframe><small>Powered by <a href=\"http:\/\/www.googlemapsgenerator.com\/pt\/\">googlemapsgen (pt)<\/a> &#038; <a href=\"https:\/\/iamsterdamcard.it\/\">iamsterdamcard (en)<\/a><\/small><style>#gmap_canvas img{max-width:none!important;background:none!important}<\/style><br \/>\n<h3>\n\tLocations and Subsidiaries\n\t<\/h3>\n\t\t\tBologna &#8211; Sede Centrale\n\t\t<p><strong>COGEFRIN SPA<\/strong>Via A. Marabini 8,<br \/>Castel Maggiore (BO), 40013<strong>Mare \/ Aereo:<\/strong> +39 051 707.262<strong>Terra \/ Fiere:<\/strong> +39 051 707.272<strong>Logistica:<\/strong> +39 051 707.239<strong>Amministrazione:<\/strong> +39 051 707.255<strong>E-mail:<\/strong> <a href=\"mailto:commerciale@cogefrin.it\">commerciale@cogefrin.it<\/a><\/p>\n\t\t\tVerona\n\t\t<p>Via Sommacampagna, 61<br \/>37137 Verona<\/p>\u00a0\n\t\t\tAlgeria\n\t\t<p>Mounira Bouagache<br \/>Repr\u00e9sentante exclusive &#8211; Zone Alg\u00e9rie<br \/>Cit\u00e9 H\u00e9l\u00e8ne Boucher Bt F n\u00b0158<br \/>Ruisseau 16015 &#8211; Alger<a href=\"mailto:commerciale@cogefrin.it\">commerciale@cogefrin.it<\/a><\/p>\n\t\t\tUkraine\n\t\t<p>Ufficio in UkraineMykoly Hrinchenka St 4a &#8211; 03680Kyiv &#8211; Ukraine<a href=\"mailto:ukraine@cogefrin.com.ua\">ukraine@cogefrin.com.ua<\/a><\/p>\n\n<\/div><!-- .vgblk-rw-wrapper -->","protected":false},"excerpt":{"rendered":"<p>I nostri servizi Cogefrin Spa \u00e8 il vostro partner nelle spedizioni in tutto il mondo, via mare, aereo e camion. Import\/Export sia General Cargo che per Fiere ed Eventi Internazionali Dalla partenza alla consegna della vostra merce, potete contare su personale esperto e disponibile per rendere le operazioni di dogana semplici e senza rallentamenti. La&#8230;<\/p>","protected":false},"author":1,"featured_media":0,"parent":0,"menu_order":0,"comment_status":"closed","ping_status":"closed","template":"","meta":{"inline_featured_image":false,"ngg_post_thumbnail":0,"footnotes":""},"class_list":["post-18352","page","type-page","status-publish","hentry"],"yoast_head":"<!-- This site is optimized with the Yoast SEO plugin v26.9 - https:\/\/yoast.com\/product\/yoast-seo-wordpress\/ -->\n<title>Spedizioni Internazionali di Qualit\u00e0 | Cogefrin Group<\/title>\n<meta name=\"description\" content=\"Vi offriamo un servizio di spedizioni internazionali di alta qualit\u00e0. Certezza, puntualit\u00e0 e precisione caratterizzano da sempre il nostro modo di lavorare.\" \/>\n<meta name=\"robots\" content=\"index, follow, max-snippet:-1, max-image-preview:large, max-video-preview:-1\" \/>\n<link rel=\"canonical\" href=\"https:\/\/www.cogefrin.it\/en\/\" \/>\n<meta property=\"og:locale\" content=\"en_US\" \/>\n<meta property=\"og:type\" content=\"article\" \/>\n<meta property=\"og:title\" content=\"Spedizioni Internazionali di Qualit\u00e0 | Cogefrin Group\" \/>\n<meta property=\"og:description\" content=\"Vi offriamo un servizio di spedizioni internazionali di alta qualit\u00e0. Certezza, puntualit\u00e0 e precisione caratterizzano da sempre il nostro modo di lavorare.\" \/>\n<meta property=\"og:url\" content=\"https:\/\/www.cogefrin.it\/en\/\" \/>\n<meta property=\"og:site_name\" content=\"Cogefrin Group\" \/>\n<meta property=\"article:modified_time\" content=\"2024-10-01T14:46:44+00:00\" \/>\n<meta name=\"twitter:card\" content=\"summary_large_image\" \/>\n<meta name=\"twitter:label1\" content=\"Est. reading time\" \/>\n\t<meta name=\"twitter:data1\" content=\"1 minute\" \/>\n<script type=\"application\/ld+json\" class=\"yoast-schema-graph\">{\"@context\":\"https:\/\/schema.org\",\"@graph\":[{\"@type\":\"WebPage\",\"@id\":\"https:\/\/www.cogefrin.it\/\",\"url\":\"https:\/\/www.cogefrin.it\/\",\"name\":\"Spedizioni Internazionali di Qualit\u00e0 | Cogefrin Group\",\"isPartOf\":{\"@id\":\"https:\/\/www.cogefrin.it\/#website\"},\"datePublished\":\"2019-10-15T08:56:08+00:00\",\"dateModified\":\"2024-10-01T14:46:44+00:00\",\"description\":\"Vi offriamo un servizio di spedizioni internazionali di alta qualit\u00e0. Certezza, puntualit\u00e0 e precisione caratterizzano da sempre il nostro modo di lavorare.\",\"breadcrumb\":{\"@id\":\"https:\/\/www.cogefrin.it\/#breadcrumb\"},\"inLanguage\":\"en-US\",\"potentialAction\":[{\"@type\":\"ReadAction\",\"target\":[\"https:\/\/www.cogefrin.it\/\"]}]},{\"@type\":\"BreadcrumbList\",\"@id\":\"https:\/\/www.cogefrin.it\/#breadcrumb\",\"itemListElement\":[{\"@type\":\"ListItem\",\"position\":1,\"name\":\"Home\",\"item\":\"https:\/\/www.cogefrin.it\/\"},{\"@type\":\"ListItem\",\"position\":2,\"name\":\"Home\"}]},{\"@type\":\"WebSite\",\"@id\":\"https:\/\/www.cogefrin.it\/#website\",\"url\":\"https:\/\/www.cogefrin.it\/\",\"name\":\"Cogefrin Group\",\"description\":\"\",\"publisher\":{\"@id\":\"https:\/\/www.cogefrin.it\/#organization\"},\"potentialAction\":[{\"@type\":\"SearchAction\",\"target\":{\"@type\":\"EntryPoint\",\"urlTemplate\":\"https:\/\/www.cogefrin.it\/?s={search_term_string}\"},\"query-input\":{\"@type\":\"PropertyValueSpecification\",\"valueRequired\":true,\"valueName\":\"search_term_string\"}}],\"inLanguage\":\"en-US\"},{\"@type\":\"Organization\",\"@id\":\"https:\/\/www.cogefrin.it\/#organization\",\"name\":\"Cogefrin Group\",\"url\":\"https:\/\/www.cogefrin.it\/\",\"logo\":{\"@type\":\"ImageObject\",\"inLanguage\":\"en-US\",\"@id\":\"https:\/\/www.cogefrin.it\/#\/schema\/logo\/image\/\",\"url\":\"https:\/\/www.cogefrin.it\/wp-content\/uploads\/2019\/10\/logo-cogefrin-spedizioni-internazionali_532x100.png\",\"contentUrl\":\"https:\/\/www.cogefrin.it\/wp-content\/uploads\/2019\/10\/logo-cogefrin-spedizioni-internazionali_532x100.png\",\"width\":532,\"height\":100,\"caption\":\"Cogefrin Group\"},\"image\":{\"@id\":\"https:\/\/www.cogefrin.it\/#\/schema\/logo\/image\/\"}}]}<\/script>\n<!-- \/ Yoast SEO plugin. -->","yoast_head_json":{"title":"Spedizioni Internazionali di Qualit\u00e0 | Cogefrin Group","description":"Vi offriamo un servizio di spedizioni internazionali di alta qualit\u00e0. Certezza, puntualit\u00e0 e precisione caratterizzano da sempre il nostro modo di lavorare.","robots":{"index":"index","follow":"follow","max-snippet":"max-snippet:-1","max-image-preview":"max-image-preview:large","max-video-preview":"max-video-preview:-1"},"canonical":"https:\/\/www.cogefrin.it\/en\/","og_locale":"en_US","og_type":"article","og_title":"Spedizioni Internazionali di Qualit\u00e0 | Cogefrin Group","og_description":"Vi offriamo un servizio di spedizioni internazionali di alta qualit\u00e0. Certezza, puntualit\u00e0 e precisione caratterizzano da sempre il nostro modo di lavorare.","og_url":"https:\/\/www.cogefrin.it\/en\/","og_site_name":"Cogefrin Group","article_modified_time":"2024-10-01T14:46:44+00:00","twitter_card":"summary_large_image","twitter_misc":{"Est. reading time":"1 minute"},"schema":{"@context":"https:\/\/schema.org","@graph":[{"@type":"WebPage","@id":"https:\/\/www.cogefrin.it\/","url":"https:\/\/www.cogefrin.it\/","name":"Spedizioni Internazionali di Qualit\u00e0 | Cogefrin Group","isPartOf":{"@id":"https:\/\/www.cogefrin.it\/#website"},"datePublished":"2019-10-15T08:56:08+00:00","dateModified":"2024-10-01T14:46:44+00:00","description":"Vi offriamo un servizio di spedizioni internazionali di alta qualit\u00e0. Certezza, puntualit\u00e0 e precisione caratterizzano da sempre il nostro modo di lavorare.","breadcrumb":{"@id":"https:\/\/www.cogefrin.it\/#breadcrumb"},"inLanguage":"en-US","potentialAction":[{"@type":"ReadAction","target":["https:\/\/www.cogefrin.it\/"]}]},{"@type":"BreadcrumbList","@id":"https:\/\/www.cogefrin.it\/#breadcrumb","itemListElement":[{"@type":"ListItem","position":1,"name":"Home","item":"https:\/\/www.cogefrin.it\/"},{"@type":"ListItem","position":2,"name":"Home"}]},{"@type":"WebSite","@id":"https:\/\/www.cogefrin.it\/#website","url":"https:\/\/www.cogefrin.it\/","name":"Cogefrin Group","description":"","publisher":{"@id":"https:\/\/www.cogefrin.it\/#organization"},"potentialAction":[{"@type":"SearchAction","target":{"@type":"EntryPoint","urlTemplate":"https:\/\/www.cogefrin.it\/?s={search_term_string}"},"query-input":{"@type":"PropertyValueSpecification","valueRequired":true,"valueName":"search_term_string"}}],"inLanguage":"en-US"},{"@type":"Organization","@id":"https:\/\/www.cogefrin.it\/#organization","name":"Cogefrin Group","url":"https:\/\/www.cogefrin.it\/","logo":{"@type":"ImageObject","inLanguage":"en-US","@id":"https:\/\/www.cogefrin.it\/#\/schema\/logo\/image\/","url":"https:\/\/www.cogefrin.it\/wp-content\/uploads\/2019\/10\/logo-cogefrin-spedizioni-internazionali_532x100.png","contentUrl":"https:\/\/www.cogefrin.it\/wp-content\/uploads\/2019\/10\/logo-cogefrin-spedizioni-internazionali_532x100.png","width":532,"height":100,"caption":"Cogefrin Group"},"image":{"@id":"https:\/\/www.cogefrin.it\/#\/schema\/logo\/image\/"}}]}},"_links":{"self":[{"href":"https:\/\/www.cogefrin.it\/en\/wp-json\/wp\/v2\/pages\/18352","targetHints":{"allow":["GET"]}}],"collection":[{"href":"https:\/\/www.cogefrin.it\/en\/wp-json\/wp\/v2\/pages"}],"about":[{"href":"https:\/\/www.cogefrin.it\/en\/wp-json\/wp\/v2\/types\/page"}],"author":[{"embeddable":true,"href":"https:\/\/www.cogefrin.it\/en\/wp-json\/wp\/v2\/users\/1"}],"replies":[{"embeddable":true,"href":"https:\/\/www.cogefrin.it\/en\/wp-json\/wp\/v2\/comments?post=18352"}],"version-history":[{"count":51,"href":"https:\/\/www.cogefrin.it\/en\/wp-json\/wp\/v2\/pages\/18352\/revisions"}],"predecessor-version":[{"id":19913,"href":"https:\/\/www.cogefrin.it\/en\/wp-json\/wp\/v2\/pages\/18352\/revisions\/19913"}],"wp:attachment":[{"href":"https:\/\/www.cogefrin.it\/en\/wp-json\/wp\/v2\/media?parent=18352"}],"curies":[{"name":"wp","href":"https:\/\/api.w.org\/{rel}","templated":true}]}}