{"id":18867,"date":"2019-11-05T11:59:49","date_gmt":"2019-11-05T10:59:49","guid":{"rendered":"https:\/\/www.cogefrin.it\/?page_id=18867"},"modified":"2025-06-10T11:19:31","modified_gmt":"2025-06-10T09:19:31","slug":"cogefrin-group","status":"publish","type":"page","link":"https:\/\/www.cogefrin.it\/en\/azienda\/cogefrin-group\/","title":{"rendered":"Cogefrin Group"},"content":{"rendered":"<div class=\"vgblk-rw-wrapper limit-wrapper\">\n\n\t<h2><strong>To the side of the customer from 1968<\/strong><\/h2>\n\t<h4>Cogefrin Group is a company, multi-divisional founded in 1968. We have more than 50 years of experience in the International Transportation services.<br \/>\nGrazie al personale altamente qualificato, all&#8217;espansione in diverse strutture e ai numerosi accordi con i nostri Partner, siamo riconosciuti internazionalmente per la nostra esperienza e la nostra affidabilit\u00e0 nelle Spedizioni Internazionali di Import ed Export.<\/h4>\n\t<h1>Strategic links<\/h1>\n\t<p>All the branches are located in strategic locations, close to the main roads, to the structures, customs, and airport. A selection of the highly desired to facilitate contacts and links with the world of transport.<\/p>\n\t<h1>Full support<\/h1>\n\t<p>Abbiamo costruito un network solido e preparato che ci permette di assistervi ovunque. Le nostre filiali sono collegate con agenti e corrispondenti in tutto il mondo. Forniamo un&#8217;assistenza completa e gestiamo tutti i processi, dal controllo dei documenti, fino allo sdoganamento e consegna della merce.<\/p>\n\t<h1>Branches in the world<\/h1>\n\tBranches Cogefrin Group for international Shipments:<br \/>\nBologna Castel Maggiore-EN | <em>in the photo<\/em>)<br \/>\nVerona (EN)<br \/>\nLondon Wickford (UK)<br \/>\nMoscow (RU)<br \/>\nAlgeria (AL)\n<h2>\n\tOur Mission\n\t<\/h2>\n\t\t\tCLIENT\n\t\t<p>Our mission has always been to meet the needs of the customer<\/p>\n\t\t\tOPTIMIZATION\n\t\t<p>We optimize the procedures of customer service and this allows us to be competitive.<\/p>\n\t\t\tGLOCAL\n\t\t<p>Think globally, act locally.<\/p>\n\t\t\tEFFORT\n\t\t<p>We contribute to the wellbeing and development of the company by transferring elements of innovation and it is a challenge that we face on a daily basis.<\/p>\n\t\t\tFOCUS ON PEOPLE\n\t\t<p>Our every action is characterized by a strong commitment to value people, ideas and passion.<\/p>\n\t\t\tRELIABILITY\n\t\t<p>Al centro di ogni singolo progetto abbiamo l&#8217;obiettivo di instaurare un rapporto di fiducia con il cliente. Un meccanismo di fedelt\u00e0 reciproco che nel tempo \u00e8 diventato un nostro elemento di successo.<\/p>\n\t\t\tINVESTMENT\n\t\t<p>To achieve the highest quality standards, always invest in superstructures, branches, technologies, and business training. It is a constant commitment which has allowed us to obtain the most pleasing accolades from our customers.<\/p>\n\t\t\tNETWORK\n\t\t<p>We can, and you can count on our network of Partners and Agents with proven experience, this allows us to assist you in any part of the world.<\/p>\n\n<\/div><!-- .vgblk-rw-wrapper -->","protected":false},"excerpt":{"rendered":"<p>A fianco del cliente dal 1968 Cogefrin Group \u00e8 una societ\u00e0 multi-divisionale fondata nel 1968. Vantiamo pi\u00f9 di 50 anni di esperienza nei servizi di Trasporto Internazionale. Grazie al personale altamente qualificato, all&#8217;espansione in diverse strutture e ai numerosi accordi con i nostri Partner, siamo riconosciuti internazionalmente per la nostra esperienza e la nostra affidabilit\u00e0&#8230;<\/p>","protected":false},"author":1,"featured_media":0,"parent":18943,"menu_order":0,"comment_status":"closed","ping_status":"closed","template":"","meta":{"inline_featured_image":false,"ngg_post_thumbnail":0,"footnotes":""},"class_list":["post-18867","page","type-page","status-publish","hentry"],"yoast_head":"<!-- This site is optimized with the Yoast SEO plugin v26.9 - https:\/\/yoast.com\/product\/yoast-seo-wordpress\/ -->\n<title>Cogefrin Group: Spedizioni internazionali dal 1968<\/title>\n<meta name=\"description\" content=\"Cogefrin Group. Spedizioni internazionali dal 1968. Vantiamo pi\u00f9 di 50 anni di esperienza nel campo delle spedizioni internazionali Import ed Export.\" \/>\n<meta name=\"robots\" content=\"index, follow, max-snippet:-1, max-image-preview:large, max-video-preview:-1\" \/>\n<link rel=\"canonical\" href=\"https:\/\/www.cogefrin.it\/en\/azienda\/cogefrin-group\/\" \/>\n<meta property=\"og:locale\" content=\"en_US\" \/>\n<meta property=\"og:type\" content=\"article\" \/>\n<meta property=\"og:title\" content=\"Cogefrin Group: Spedizioni internazionali dal 1968\" \/>\n<meta property=\"og:description\" content=\"Cogefrin Group. Spedizioni internazionali dal 1968. Vantiamo pi\u00f9 di 50 anni di esperienza nel campo delle spedizioni internazionali Import ed Export.\" \/>\n<meta property=\"og:url\" content=\"https:\/\/www.cogefrin.it\/en\/azienda\/cogefrin-group\/\" \/>\n<meta property=\"og:site_name\" content=\"Cogefrin Group\" \/>\n<meta property=\"article:modified_time\" content=\"2025-06-10T09:19:31+00:00\" \/>\n<meta name=\"twitter:card\" content=\"summary_large_image\" \/>\n<meta name=\"twitter:label1\" content=\"Est. reading time\" \/>\n\t<meta name=\"twitter:data1\" content=\"2 minutes\" \/>\n<script type=\"application\/ld+json\" class=\"yoast-schema-graph\">{\"@context\":\"https:\/\/schema.org\",\"@graph\":[{\"@type\":\"WebPage\",\"@id\":\"https:\/\/www.cogefrin.it\/azienda\/cogefrin-group\/\",\"url\":\"https:\/\/www.cogefrin.it\/azienda\/cogefrin-group\/\",\"name\":\"Cogefrin Group: Spedizioni internazionali dal 1968\",\"isPartOf\":{\"@id\":\"https:\/\/www.cogefrin.it\/#website\"},\"datePublished\":\"2019-11-05T10:59:49+00:00\",\"dateModified\":\"2025-06-10T09:19:31+00:00\",\"description\":\"Cogefrin Group. Spedizioni internazionali dal 1968. Vantiamo pi\u00f9 di 50 anni di esperienza nel campo delle spedizioni internazionali Import ed Export.\",\"breadcrumb\":{\"@id\":\"https:\/\/www.cogefrin.it\/azienda\/cogefrin-group\/#breadcrumb\"},\"inLanguage\":\"en-US\",\"potentialAction\":[{\"@type\":\"ReadAction\",\"target\":[\"https:\/\/www.cogefrin.it\/azienda\/cogefrin-group\/\"]}]},{\"@type\":\"BreadcrumbList\",\"@id\":\"https:\/\/www.cogefrin.it\/azienda\/cogefrin-group\/#breadcrumb\",\"itemListElement\":[{\"@type\":\"ListItem\",\"position\":1,\"name\":\"Home\",\"item\":\"https:\/\/www.cogefrin.it\/\"},{\"@type\":\"ListItem\",\"position\":2,\"name\":\"Azienda\",\"item\":\"https:\/\/www.cogefrin.it\/azienda\/\"},{\"@type\":\"ListItem\",\"position\":3,\"name\":\"Cogefrin Group\"}]},{\"@type\":\"WebSite\",\"@id\":\"https:\/\/www.cogefrin.it\/#website\",\"url\":\"https:\/\/www.cogefrin.it\/\",\"name\":\"Cogefrin Group\",\"description\":\"\",\"publisher\":{\"@id\":\"https:\/\/www.cogefrin.it\/#organization\"},\"potentialAction\":[{\"@type\":\"SearchAction\",\"target\":{\"@type\":\"EntryPoint\",\"urlTemplate\":\"https:\/\/www.cogefrin.it\/?s={search_term_string}\"},\"query-input\":{\"@type\":\"PropertyValueSpecification\",\"valueRequired\":true,\"valueName\":\"search_term_string\"}}],\"inLanguage\":\"en-US\"},{\"@type\":\"Organization\",\"@id\":\"https:\/\/www.cogefrin.it\/#organization\",\"name\":\"Cogefrin Group\",\"url\":\"https:\/\/www.cogefrin.it\/\",\"logo\":{\"@type\":\"ImageObject\",\"inLanguage\":\"en-US\",\"@id\":\"https:\/\/www.cogefrin.it\/#\/schema\/logo\/image\/\",\"url\":\"https:\/\/www.cogefrin.it\/wp-content\/uploads\/2019\/10\/logo-cogefrin-spedizioni-internazionali_532x100.png\",\"contentUrl\":\"https:\/\/www.cogefrin.it\/wp-content\/uploads\/2019\/10\/logo-cogefrin-spedizioni-internazionali_532x100.png\",\"width\":532,\"height\":100,\"caption\":\"Cogefrin Group\"},\"image\":{\"@id\":\"https:\/\/www.cogefrin.it\/#\/schema\/logo\/image\/\"}}]}<\/script>\n<!-- \/ Yoast SEO plugin. -->","yoast_head_json":{"title":"Cogefrin Group: Spedizioni internazionali dal 1968","description":"Cogefrin Group. Spedizioni internazionali dal 1968. Vantiamo pi\u00f9 di 50 anni di esperienza nel campo delle spedizioni internazionali Import ed Export.","robots":{"index":"index","follow":"follow","max-snippet":"max-snippet:-1","max-image-preview":"max-image-preview:large","max-video-preview":"max-video-preview:-1"},"canonical":"https:\/\/www.cogefrin.it\/en\/azienda\/cogefrin-group\/","og_locale":"en_US","og_type":"article","og_title":"Cogefrin Group: Spedizioni internazionali dal 1968","og_description":"Cogefrin Group. Spedizioni internazionali dal 1968. Vantiamo pi\u00f9 di 50 anni di esperienza nel campo delle spedizioni internazionali Import ed Export.","og_url":"https:\/\/www.cogefrin.it\/en\/azienda\/cogefrin-group\/","og_site_name":"Cogefrin Group","article_modified_time":"2025-06-10T09:19:31+00:00","twitter_card":"summary_large_image","twitter_misc":{"Est. reading time":"2 minutes"},"schema":{"@context":"https:\/\/schema.org","@graph":[{"@type":"WebPage","@id":"https:\/\/www.cogefrin.it\/azienda\/cogefrin-group\/","url":"https:\/\/www.cogefrin.it\/azienda\/cogefrin-group\/","name":"Cogefrin Group: Spedizioni internazionali dal 1968","isPartOf":{"@id":"https:\/\/www.cogefrin.it\/#website"},"datePublished":"2019-11-05T10:59:49+00:00","dateModified":"2025-06-10T09:19:31+00:00","description":"Cogefrin Group. Spedizioni internazionali dal 1968. Vantiamo pi\u00f9 di 50 anni di esperienza nel campo delle spedizioni internazionali Import ed Export.","breadcrumb":{"@id":"https:\/\/www.cogefrin.it\/azienda\/cogefrin-group\/#breadcrumb"},"inLanguage":"en-US","potentialAction":[{"@type":"ReadAction","target":["https:\/\/www.cogefrin.it\/azienda\/cogefrin-group\/"]}]},{"@type":"BreadcrumbList","@id":"https:\/\/www.cogefrin.it\/azienda\/cogefrin-group\/#breadcrumb","itemListElement":[{"@type":"ListItem","position":1,"name":"Home","item":"https:\/\/www.cogefrin.it\/"},{"@type":"ListItem","position":2,"name":"Azienda","item":"https:\/\/www.cogefrin.it\/azienda\/"},{"@type":"ListItem","position":3,"name":"Cogefrin Group"}]},{"@type":"WebSite","@id":"https:\/\/www.cogefrin.it\/#website","url":"https:\/\/www.cogefrin.it\/","name":"Cogefrin Group","description":"","publisher":{"@id":"https:\/\/www.cogefrin.it\/#organization"},"potentialAction":[{"@type":"SearchAction","target":{"@type":"EntryPoint","urlTemplate":"https:\/\/www.cogefrin.it\/?s={search_term_string}"},"query-input":{"@type":"PropertyValueSpecification","valueRequired":true,"valueName":"search_term_string"}}],"inLanguage":"en-US"},{"@type":"Organization","@id":"https:\/\/www.cogefrin.it\/#organization","name":"Cogefrin Group","url":"https:\/\/www.cogefrin.it\/","logo":{"@type":"ImageObject","inLanguage":"en-US","@id":"https:\/\/www.cogefrin.it\/#\/schema\/logo\/image\/","url":"https:\/\/www.cogefrin.it\/wp-content\/uploads\/2019\/10\/logo-cogefrin-spedizioni-internazionali_532x100.png","contentUrl":"https:\/\/www.cogefrin.it\/wp-content\/uploads\/2019\/10\/logo-cogefrin-spedizioni-internazionali_532x100.png","width":532,"height":100,"caption":"Cogefrin Group"},"image":{"@id":"https:\/\/www.cogefrin.it\/#\/schema\/logo\/image\/"}}]}},"_links":{"self":[{"href":"https:\/\/www.cogefrin.it\/en\/wp-json\/wp\/v2\/pages\/18867","targetHints":{"allow":["GET"]}}],"collection":[{"href":"https:\/\/www.cogefrin.it\/en\/wp-json\/wp\/v2\/pages"}],"about":[{"href":"https:\/\/www.cogefrin.it\/en\/wp-json\/wp\/v2\/types\/page"}],"author":[{"embeddable":true,"href":"https:\/\/www.cogefrin.it\/en\/wp-json\/wp\/v2\/users\/1"}],"replies":[{"embeddable":true,"href":"https:\/\/www.cogefrin.it\/en\/wp-json\/wp\/v2\/comments?post=18867"}],"version-history":[{"count":22,"href":"https:\/\/www.cogefrin.it\/en\/wp-json\/wp\/v2\/pages\/18867\/revisions"}],"predecessor-version":[{"id":19929,"href":"https:\/\/www.cogefrin.it\/en\/wp-json\/wp\/v2\/pages\/18867\/revisions\/19929"}],"up":[{"embeddable":true,"href":"https:\/\/www.cogefrin.it\/en\/wp-json\/wp\/v2\/pages\/18943"}],"wp:attachment":[{"href":"https:\/\/www.cogefrin.it\/en\/wp-json\/wp\/v2\/media?parent=18867"}],"curies":[{"name":"wp","href":"https:\/\/api.w.org\/{rel}","templated":true}]}}