{"id":18886,"date":"2019-11-06T11:05:31","date_gmt":"2019-11-06T10:05:31","guid":{"rendered":"https:\/\/www.cogefrin.it\/?page_id=18886"},"modified":"2025-06-10T11:23:35","modified_gmt":"2025-06-10T09:23:35","slug":"filosofia-e-qualita","status":"publish","type":"page","link":"https:\/\/www.cogefrin.it\/en\/azienda\/filosofia-e-qualita\/","title":{"rendered":"Philosophy and Quality"},"content":{"rendered":"<div class=\"vgblk-rw-wrapper limit-wrapper\">\n\n\t<h2>In Cogefrin Group we consider quality as a fundamental principle<\/h2>\n\t<h4>Nel corso degli anni abbiamo sviluppato uno stile e una visione aziendale che ha messo la qualit\u00e0 al centro dell&#8217;operato di tutte le societ\u00e0 del nostro gruppo.<\/h4>\n<h4>Certainty, timeliness, and accuracy have always characterized our way of working. The concept of quality is applied in detail on all levels of Cogefrin Group, and this has allowed us to affirm with the day to day leadership of our group.<\/h4>\n\t<h2>A network solid and reliable partners and professionals<\/h2>\n\t<h4>Abbiamo costruito un network solido e affidabile di partner e\/o filiali nei pi\u00f9 importanti hub d&#8217;Europa e del mondo. La qualit\u00e0 del nostro network e l&#8217;esperienza che abbiamo maturato sul campo, ci hanno reso quello che siamo oggi e ci permette di offrirvi ogni giorno servizi di qualit\u00e0.<\/h4>\n\t<h2>Customer satisfaction<\/h2>\n\t<h4>The definition of quality has undergone several transformations in the course of time. For this we monitor carefully the business processes using performance indicators objective that allow us to guarantee the excellent performance and the maximum satisfaction of the customer.<\/h4>\n\t<h2>Certificazione ISO 9001:2015*<\/h2>\n<h2>Division Shipments<\/h2>\n<p><strong>*fai click sul logo per visualizzare la certificazione<\/strong><\/p>\n\t\t\t\t<a href=\"https:\/\/www.cogefrin.it\/en\/01065_260122\/\" target=\"_self\" itemprop=\"url\" title=\"CQY_9.15_IT_RGB\">\n\t\t\t\t\t\t\t<img loading=\"lazy\" decoding=\"async\" src=\"https:\/\/www.cogefrin.it\/wp-content\/uploads\/2022\/01\/CQY_9.15_IT_RGB.png\" alt=\"CQY_9.15_IT_RGB\" itemprop=\"image\" height=\"591\" width=\"591\" data-link-type=\"url\" title=\"CQY_9.15_IT_RGB\" onerror=\"this.style.display='none'\"  sizes=\"auto, (max-width: 768px) 100vw, 100vw\" srcset=\"https:\/\/www.cogefrin.it\/wp-content\/uploads\/2022\/01\/CQY_9.15_IT_RGB.png 591w, https:\/\/www.cogefrin.it\/wp-content\/uploads\/2022\/01\/CQY_9.15_IT_RGB-300x300.png 300w, https:\/\/www.cogefrin.it\/wp-content\/uploads\/2022\/01\/CQY_9.15_IT_RGB-150x150.png 150w, https:\/\/www.cogefrin.it\/wp-content\/uploads\/2022\/01\/CQY_9.15_IT_RGB-12x12.png 12w, https:\/\/www.cogefrin.it\/wp-content\/uploads\/2022\/01\/CQY_9.15_IT_RGB-420x420.png 420w, https:\/\/www.cogefrin.it\/wp-content\/uploads\/2022\/01\/CQY_9.15_IT_RGB-315x315.png 315w, https:\/\/www.cogefrin.it\/wp-content\/uploads\/2022\/01\/CQY_9.15_IT_RGB-100x100.png 100w\" \/>\t\t\t\t\t\t<\/a>\n\t\t\t\t<a href=\"https:\/\/www.cogefrin.it\/en\/01065_260122\/\" target=\"_self\" itemprop=\"url\" title=\"IQNET-LOGO\">\n\t\t\t\t\t\t\t<img loading=\"lazy\" decoding=\"async\" src=\"https:\/\/www.cogefrin.it\/wp-content\/uploads\/2020\/04\/IQNET-LOGO.png\" alt=\"IQNET-LOGO\" itemprop=\"image\" height=\"250\" width=\"191\" data-link-type=\"url\" title=\"IQNET-LOGO\" onerror=\"this.style.display='none'\"  sizes=\"auto, (max-width: 768px) 100vw, 100vw\"\/>\t\t\t\t\t\t<\/a>\n\n<\/div><!-- .vgblk-rw-wrapper -->","protected":false},"excerpt":{"rendered":"<p>In Cogefrin Group consideriamo la qualit\u00e0 un principio fondamentale Nel corso degli anni abbiamo sviluppato uno stile e una visione aziendale che ha messo la qualit\u00e0 al centro dell&#8217;operato di tutte le societ\u00e0 del nostro gruppo. Certezza, puntualit\u00e0 e precisione caratterizzano da sempre il nostro modo di lavorare. Il concetto di qualit\u00e0 viene applicato minuziosamente&#8230;<\/p>","protected":false},"author":1,"featured_media":0,"parent":18943,"menu_order":0,"comment_status":"closed","ping_status":"closed","template":"","meta":{"inline_featured_image":false,"ngg_post_thumbnail":0,"footnotes":""},"class_list":["post-18886","page","type-page","status-publish","hentry"],"yoast_head":"<!-- This site is optimized with the Yoast SEO plugin v26.9 - https:\/\/yoast.com\/product\/yoast-seo-wordpress\/ -->\n<title>Tutta la Qualit\u00e0 di Cogefrin Group | Cogefrin Group<\/title>\n<meta name=\"description\" content=\"La solidit\u00e0 del nostro network e l\u2019esperienza maturata sul campo, ci permette di offrirvi un servizio di spedizioni internazionali sicuro e di qualit\u00e0.\" \/>\n<meta name=\"robots\" content=\"index, follow, max-snippet:-1, max-image-preview:large, max-video-preview:-1\" \/>\n<link rel=\"canonical\" href=\"https:\/\/www.cogefrin.it\/en\/azienda\/filosofia-e-qualita\/\" \/>\n<meta property=\"og:locale\" content=\"en_US\" \/>\n<meta property=\"og:type\" content=\"article\" \/>\n<meta property=\"og:title\" content=\"Tutta la Qualit\u00e0 di Cogefrin Group | Cogefrin Group\" \/>\n<meta property=\"og:description\" content=\"La solidit\u00e0 del nostro network e l\u2019esperienza maturata sul campo, ci permette di offrirvi un servizio di spedizioni internazionali sicuro e di qualit\u00e0.\" \/>\n<meta property=\"og:url\" content=\"https:\/\/www.cogefrin.it\/en\/azienda\/filosofia-e-qualita\/\" \/>\n<meta property=\"og:site_name\" content=\"Cogefrin Group\" \/>\n<meta property=\"article:modified_time\" content=\"2025-06-10T09:23:35+00:00\" \/>\n<meta property=\"og:image\" content=\"https:\/\/www.cogefrin.it\/wp-content\/uploads\/2022\/01\/CQY_9.15_IT_RGB.png\" \/>\n<meta name=\"twitter:card\" content=\"summary_large_image\" \/>\n<meta name=\"twitter:label1\" content=\"Est. reading time\" \/>\n\t<meta name=\"twitter:data1\" content=\"1 minute\" \/>\n<script type=\"application\/ld+json\" class=\"yoast-schema-graph\">{\"@context\":\"https:\/\/schema.org\",\"@graph\":[{\"@type\":\"WebPage\",\"@id\":\"https:\/\/www.cogefrin.it\/azienda\/filosofia-e-qualita\/\",\"url\":\"https:\/\/www.cogefrin.it\/azienda\/filosofia-e-qualita\/\",\"name\":\"Tutta la Qualit\u00e0 di Cogefrin Group | Cogefrin Group\",\"isPartOf\":{\"@id\":\"https:\/\/www.cogefrin.it\/#website\"},\"primaryImageOfPage\":{\"@id\":\"https:\/\/www.cogefrin.it\/azienda\/filosofia-e-qualita\/#primaryimage\"},\"image\":{\"@id\":\"https:\/\/www.cogefrin.it\/azienda\/filosofia-e-qualita\/#primaryimage\"},\"thumbnailUrl\":\"https:\/\/www.cogefrin.it\/wp-content\/uploads\/2022\/01\/CQY_9.15_IT_RGB.png\",\"datePublished\":\"2019-11-06T10:05:31+00:00\",\"dateModified\":\"2025-06-10T09:23:35+00:00\",\"description\":\"La solidit\u00e0 del nostro network e l\u2019esperienza maturata sul campo, ci permette di offrirvi un servizio di spedizioni internazionali sicuro e di qualit\u00e0.\",\"breadcrumb\":{\"@id\":\"https:\/\/www.cogefrin.it\/azienda\/filosofia-e-qualita\/#breadcrumb\"},\"inLanguage\":\"en-US\",\"potentialAction\":[{\"@type\":\"ReadAction\",\"target\":[\"https:\/\/www.cogefrin.it\/azienda\/filosofia-e-qualita\/\"]}]},{\"@type\":\"ImageObject\",\"inLanguage\":\"en-US\",\"@id\":\"https:\/\/www.cogefrin.it\/azienda\/filosofia-e-qualita\/#primaryimage\",\"url\":\"https:\/\/www.cogefrin.it\/wp-content\/uploads\/2022\/01\/CQY_9.15_IT_RGB.png\",\"contentUrl\":\"https:\/\/www.cogefrin.it\/wp-content\/uploads\/2022\/01\/CQY_9.15_IT_RGB.png\"},{\"@type\":\"BreadcrumbList\",\"@id\":\"https:\/\/www.cogefrin.it\/azienda\/filosofia-e-qualita\/#breadcrumb\",\"itemListElement\":[{\"@type\":\"ListItem\",\"position\":1,\"name\":\"Home\",\"item\":\"https:\/\/www.cogefrin.it\/\"},{\"@type\":\"ListItem\",\"position\":2,\"name\":\"Azienda\",\"item\":\"https:\/\/www.cogefrin.it\/azienda\/\"},{\"@type\":\"ListItem\",\"position\":3,\"name\":\"Filosofia e Qualit\u00e0\"}]},{\"@type\":\"WebSite\",\"@id\":\"https:\/\/www.cogefrin.it\/#website\",\"url\":\"https:\/\/www.cogefrin.it\/\",\"name\":\"Cogefrin Group\",\"description\":\"\",\"publisher\":{\"@id\":\"https:\/\/www.cogefrin.it\/#organization\"},\"potentialAction\":[{\"@type\":\"SearchAction\",\"target\":{\"@type\":\"EntryPoint\",\"urlTemplate\":\"https:\/\/www.cogefrin.it\/?s={search_term_string}\"},\"query-input\":{\"@type\":\"PropertyValueSpecification\",\"valueRequired\":true,\"valueName\":\"search_term_string\"}}],\"inLanguage\":\"en-US\"},{\"@type\":\"Organization\",\"@id\":\"https:\/\/www.cogefrin.it\/#organization\",\"name\":\"Cogefrin Group\",\"url\":\"https:\/\/www.cogefrin.it\/\",\"logo\":{\"@type\":\"ImageObject\",\"inLanguage\":\"en-US\",\"@id\":\"https:\/\/www.cogefrin.it\/#\/schema\/logo\/image\/\",\"url\":\"https:\/\/www.cogefrin.it\/wp-content\/uploads\/2019\/10\/logo-cogefrin-spedizioni-internazionali_532x100.png\",\"contentUrl\":\"https:\/\/www.cogefrin.it\/wp-content\/uploads\/2019\/10\/logo-cogefrin-spedizioni-internazionali_532x100.png\",\"width\":532,\"height\":100,\"caption\":\"Cogefrin Group\"},\"image\":{\"@id\":\"https:\/\/www.cogefrin.it\/#\/schema\/logo\/image\/\"}}]}<\/script>\n<!-- \/ Yoast SEO plugin. -->","yoast_head_json":{"title":"Tutta la Qualit\u00e0 di Cogefrin Group | Cogefrin Group","description":"La solidit\u00e0 del nostro network e l\u2019esperienza maturata sul campo, ci permette di offrirvi un servizio di spedizioni internazionali sicuro e di qualit\u00e0.","robots":{"index":"index","follow":"follow","max-snippet":"max-snippet:-1","max-image-preview":"max-image-preview:large","max-video-preview":"max-video-preview:-1"},"canonical":"https:\/\/www.cogefrin.it\/en\/azienda\/filosofia-e-qualita\/","og_locale":"en_US","og_type":"article","og_title":"Tutta la Qualit\u00e0 di Cogefrin Group | Cogefrin Group","og_description":"La solidit\u00e0 del nostro network e l\u2019esperienza maturata sul campo, ci permette di offrirvi un servizio di spedizioni internazionali sicuro e di qualit\u00e0.","og_url":"https:\/\/www.cogefrin.it\/en\/azienda\/filosofia-e-qualita\/","og_site_name":"Cogefrin Group","article_modified_time":"2025-06-10T09:23:35+00:00","og_image":[{"url":"https:\/\/www.cogefrin.it\/wp-content\/uploads\/2022\/01\/CQY_9.15_IT_RGB.png","type":"","width":"","height":""}],"twitter_card":"summary_large_image","twitter_misc":{"Est. reading time":"1 minute"},"schema":{"@context":"https:\/\/schema.org","@graph":[{"@type":"WebPage","@id":"https:\/\/www.cogefrin.it\/azienda\/filosofia-e-qualita\/","url":"https:\/\/www.cogefrin.it\/azienda\/filosofia-e-qualita\/","name":"Tutta la Qualit\u00e0 di Cogefrin Group | Cogefrin Group","isPartOf":{"@id":"https:\/\/www.cogefrin.it\/#website"},"primaryImageOfPage":{"@id":"https:\/\/www.cogefrin.it\/azienda\/filosofia-e-qualita\/#primaryimage"},"image":{"@id":"https:\/\/www.cogefrin.it\/azienda\/filosofia-e-qualita\/#primaryimage"},"thumbnailUrl":"https:\/\/www.cogefrin.it\/wp-content\/uploads\/2022\/01\/CQY_9.15_IT_RGB.png","datePublished":"2019-11-06T10:05:31+00:00","dateModified":"2025-06-10T09:23:35+00:00","description":"La solidit\u00e0 del nostro network e l\u2019esperienza maturata sul campo, ci permette di offrirvi un servizio di spedizioni internazionali sicuro e di qualit\u00e0.","breadcrumb":{"@id":"https:\/\/www.cogefrin.it\/azienda\/filosofia-e-qualita\/#breadcrumb"},"inLanguage":"en-US","potentialAction":[{"@type":"ReadAction","target":["https:\/\/www.cogefrin.it\/azienda\/filosofia-e-qualita\/"]}]},{"@type":"ImageObject","inLanguage":"en-US","@id":"https:\/\/www.cogefrin.it\/azienda\/filosofia-e-qualita\/#primaryimage","url":"https:\/\/www.cogefrin.it\/wp-content\/uploads\/2022\/01\/CQY_9.15_IT_RGB.png","contentUrl":"https:\/\/www.cogefrin.it\/wp-content\/uploads\/2022\/01\/CQY_9.15_IT_RGB.png"},{"@type":"BreadcrumbList","@id":"https:\/\/www.cogefrin.it\/azienda\/filosofia-e-qualita\/#breadcrumb","itemListElement":[{"@type":"ListItem","position":1,"name":"Home","item":"https:\/\/www.cogefrin.it\/"},{"@type":"ListItem","position":2,"name":"Azienda","item":"https:\/\/www.cogefrin.it\/azienda\/"},{"@type":"ListItem","position":3,"name":"Filosofia e Qualit\u00e0"}]},{"@type":"WebSite","@id":"https:\/\/www.cogefrin.it\/#website","url":"https:\/\/www.cogefrin.it\/","name":"Cogefrin Group","description":"","publisher":{"@id":"https:\/\/www.cogefrin.it\/#organization"},"potentialAction":[{"@type":"SearchAction","target":{"@type":"EntryPoint","urlTemplate":"https:\/\/www.cogefrin.it\/?s={search_term_string}"},"query-input":{"@type":"PropertyValueSpecification","valueRequired":true,"valueName":"search_term_string"}}],"inLanguage":"en-US"},{"@type":"Organization","@id":"https:\/\/www.cogefrin.it\/#organization","name":"Cogefrin Group","url":"https:\/\/www.cogefrin.it\/","logo":{"@type":"ImageObject","inLanguage":"en-US","@id":"https:\/\/www.cogefrin.it\/#\/schema\/logo\/image\/","url":"https:\/\/www.cogefrin.it\/wp-content\/uploads\/2019\/10\/logo-cogefrin-spedizioni-internazionali_532x100.png","contentUrl":"https:\/\/www.cogefrin.it\/wp-content\/uploads\/2019\/10\/logo-cogefrin-spedizioni-internazionali_532x100.png","width":532,"height":100,"caption":"Cogefrin Group"},"image":{"@id":"https:\/\/www.cogefrin.it\/#\/schema\/logo\/image\/"}}]}},"_links":{"self":[{"href":"https:\/\/www.cogefrin.it\/en\/wp-json\/wp\/v2\/pages\/18886","targetHints":{"allow":["GET"]}}],"collection":[{"href":"https:\/\/www.cogefrin.it\/en\/wp-json\/wp\/v2\/pages"}],"about":[{"href":"https:\/\/www.cogefrin.it\/en\/wp-json\/wp\/v2\/types\/page"}],"author":[{"embeddable":true,"href":"https:\/\/www.cogefrin.it\/en\/wp-json\/wp\/v2\/users\/1"}],"replies":[{"embeddable":true,"href":"https:\/\/www.cogefrin.it\/en\/wp-json\/wp\/v2\/comments?post=18886"}],"version-history":[{"count":21,"href":"https:\/\/www.cogefrin.it\/en\/wp-json\/wp\/v2\/pages\/18886\/revisions"}],"predecessor-version":[{"id":19933,"href":"https:\/\/www.cogefrin.it\/en\/wp-json\/wp\/v2\/pages\/18886\/revisions\/19933"}],"up":[{"embeddable":true,"href":"https:\/\/www.cogefrin.it\/en\/wp-json\/wp\/v2\/pages\/18943"}],"wp:attachment":[{"href":"https:\/\/www.cogefrin.it\/en\/wp-json\/wp\/v2\/media?parent=18886"}],"curies":[{"name":"wp","href":"https:\/\/api.w.org\/{rel}","templated":true}]}}