{"id":18919,"date":"2019-11-06T15:36:56","date_gmt":"2019-11-06T14:36:56","guid":{"rendered":"https:\/\/www.cogefrin.it\/?page_id=18919"},"modified":"2024-02-15T16:50:53","modified_gmt":"2024-02-15T15:50:53","slug":"servizi-correlati","status":"publish","type":"page","link":"https:\/\/www.cogefrin.it\/en\/servizi\/servizi-correlati\/","title":{"rendered":"Services for shipments"},"content":{"rendered":"<div class=\"vgblk-rw-wrapper limit-wrapper\">\n<h2>\n\tA team of professionals <b>your service<\/b>\n\t<\/h2>\n\t<p>The ability to offer a shipping service complete in every point of view is a point of strength that we claim with pride. When you choose a shipping service, it is important to rely on a partner that can provide <strong>support for all operations and the necessary fulfillments<\/strong>.<\/p>\n<p>L&#8217;<strong>experience gained over the years<\/strong> and the strength of our network allows us to offer a <strong>full service<\/strong> in this respect, and to manage all phases of your shipments.<\/p>\n<p>We take care of all aspects <strong>bureaucratic and documentary<\/strong> for you and we take care of every task needed to take to your destination your goods quickly and safely.<\/p>\n<p>We have a team of expert professionals who will take care of all the paperwork and customs related to shipping.<\/p>\n<h2>\n\t<b>Our services<\/b> for international shipments\n\t<\/h2>\n<h4>\n\t\t\t<a href=\"https:\/\/www.cogefrin.it\/en\/servizi\/servizi-correlati\/assistenza-doganale\/\" title=\"Customs assistance\" target=\"_self\" rel=\"noopener\">\n\tCustoms assistance\n\t\t\t<\/a>\n\t<\/h4>\n\t<p>Carry out the customs formalities in the shortest time possible with assistance in a timely and dedicated, savings and tracking of shipments both Export and Import.<\/p>\n<h4>\n\t\t\t<a href=\"https:\/\/www.cogefrin.it\/en\/servizi\/servizi-correlati\/assicurazione-merci\/\" title=\"Freight insurance\" target=\"_self\" rel=\"noopener\">\n\tFreight insurance\n\t\t\t<\/a>\n\t<\/h4>\n\t<p>The collaboration with the major Insurance Companies, enables us to provide the best solution to protect your goods during shipping.<\/p>\n<h4>\n\t\t\t<a href=\"#\" title=\"Groupage\" target=\"_self\" rel=\"noopener\">\n\tGroupage\n\t\t\t<\/a>\n\t<\/h4>\n\t<p>To be a full or a partial shipment,we are able to personalize our offering as per the specific requirements of our customers.<\/p>\n<h2>\n\tEntrust your goods to a <b>Qualified Partner<\/b>\n\t<\/h2>\n\t<p>To know the prices and the costs of our services fill out the form or contact us!<\/p>\n\t<div class=\"cf7sg-container\"><div id=\"cf7sg-form-cogefrin_contatti\" class=\"cf7-smart-grid has-grid key_cogefrin_contatti\">\n<div class=\"wpcf7 no-js\" id=\"wpcf7-f18505-o1\" lang=\"it-IT\" dir=\"ltr\" data-wpcf7-id=\"18505\">\n<div class=\"screen-reader-response\"><p role=\"status\" aria-live=\"polite\" aria-atomic=\"true\"><\/p> <ul><\/ul><\/div>\n<form action=\"\/en\/wp-json\/wp\/v2\/pages\/18919#wpcf7-f18505-o1\" method=\"post\" class=\"wpcf7-form init\" aria-label=\"Modulo di contatto\" novalidate=\"novalidate\" data-status=\"init\" data-trp-original-action=\"\/en\/wp-json\/wp\/v2\/pages\/18919#wpcf7-f18505-o1\">\n<fieldset class=\"hidden-fields-container\"><input type=\"hidden\" name=\"_wpcf7\" value=\"18505\" \/><input type=\"hidden\" name=\"_wpcf7_version\" value=\"6.1.5\" \/><input type=\"hidden\" name=\"_wpcf7_locale\" value=\"it_IT\" \/><input type=\"hidden\" name=\"_wpcf7_unit_tag\" value=\"wpcf7-f18505-o1\" \/><input type=\"hidden\" name=\"_wpcf7_container_post\" value=\"0\" \/><input type=\"hidden\" name=\"_wpcf7_posted_data_hash\" value=\"\" \/><input type=\"hidden\" name=\"_wpcf7_key\" value=\"cogefrin_contatti\" \/><input type=\"hidden\" name=\"_cf7sg_toggles\" value=\"\" \/><input type=\"hidden\" name=\"_cf7sg_version\" value=\"4.15.8\" \/><input type=\"hidden\" name=\"_wpnonce\" value=\"72733fc91f\" \/><input type=\"hidden\" name=\"_wpcf7_recaptcha_response\" value=\"\" \/>\n<\/fieldset>\n<div class=\"container\">\n  <div class=\"row\">\n    <div class=\"columns full\">\n    <\/div>\n  <\/div>\n<\/div>\n<div class=\"container\">\n  <div class=\"row\">\n    <div class=\"columns one-half\">\n      <div class=\"container\">\n        <div class=\"row\">\n          <div class=\"columns full\">\n            <div class=\"field\"><label>Company Name<em>*<\/em><\/label><span class=\"wpcf7-form-control-wrap\" data-name=\"ragione-sociale\"><input size=\"40\" maxlength=\"400\" class=\"wpcf7-form-control wpcf7-text wpcf7-validates-as-required\" aria-required=\"true\" aria-invalid=\"false\" value=\"\" type=\"text\" name=\"ragione-sociale\" \/><\/span>\n              <p class=\"info-tip\"><\/p>\n            <\/div>\n          <\/div>\n        <\/div>\n      <\/div>\n      <div class=\"container\">\n        <div class=\"row\">\n          <div class=\"columns full\">\n            <div class=\"field\"><label>Email<em>*<\/em><\/label><span class=\"wpcf7-form-control-wrap\" data-name=\"email\"><input size=\"40\" maxlength=\"400\" class=\"wpcf7-form-control wpcf7-email wpcf7-validates-as-required wpcf7-text wpcf7-validates-as-email\" aria-required=\"true\" aria-invalid=\"false\" value=\"\" type=\"email\" name=\"email\" \/><\/span>\n              <p class=\"info-tip\"><\/p>\n            <\/div>\n          <\/div>\n        <\/div>\n      <\/div>\n      <div class=\"container\">\n        <div class=\"row\">\n          <div class=\"columns full\">\n            <div class=\"field\"><label>City<em>*<\/em><\/label><span class=\"wpcf7-form-control-wrap\" data-name=\"citta\"><input size=\"40\" maxlength=\"400\" class=\"wpcf7-form-control wpcf7-text wpcf7-validates-as-required\" aria-required=\"true\" aria-invalid=\"false\" value=\"\" type=\"text\" name=\"citta\" \/><\/span>\n              <p class=\"info-tip\"><\/p>\n            <\/div>\n          <\/div>\n        <\/div>\n      <\/div>\n    <\/div>\n    <div class=\"columns one-half\">\n      <div class=\"container\">\n        <div class=\"row\">\n          <div class=\"columns full\">\n            <div class=\"field\"><label>Name and Surname of the Contact person<em>*<\/em><\/label><span class=\"wpcf7-form-control-wrap\" data-name=\"referente\"><input size=\"40\" maxlength=\"400\" class=\"wpcf7-form-control wpcf7-text wpcf7-validates-as-required\" aria-required=\"true\" aria-invalid=\"false\" value=\"\" type=\"text\" name=\"referente\" \/><\/span>\n              <p class=\"info-tip\"><\/p>\n            <\/div>\n          <\/div>\n        <\/div>\n      <\/div>\n      <div class=\"container\">\n        <div class=\"row\">\n          <div class=\"columns full\">\n            <div class=\"field\"><label>Phone<em>*<\/em><\/label><span class=\"wpcf7-form-control-wrap\" data-name=\"tel-251\"><input size=\"40\" maxlength=\"400\" class=\"wpcf7-form-control wpcf7-tel wpcf7-validates-as-required wpcf7-text wpcf7-validates-as-tel\" aria-required=\"true\" aria-invalid=\"false\" value=\"\" type=\"tel\" name=\"tel-251\" \/><\/span>\n              <p class=\"info-tip\"><\/p>\n            <\/div>\n          <\/div>\n        <\/div>\n      <\/div>\n      <div class=\"container\">\n        <div class=\"row\">\n          <div class=\"columns full\">\n            <div class=\"field\"><label>Province<em>*<\/em><\/label><span class=\"wpcf7-form-control-wrap\" data-name=\"provincia\"><input size=\"40\" maxlength=\"400\" class=\"wpcf7-form-control wpcf7-text wpcf7-validates-as-required\" aria-required=\"true\" aria-invalid=\"false\" value=\"\" type=\"text\" name=\"provincia\" \/><\/span>\n              <p class=\"info-tip\"><\/p>\n            <\/div>\n          <\/div>\n        <\/div>\n      <\/div>\n    <\/div>\n  <\/div>\n<\/div>\n<div class=\"container\">\n  <div class=\"row\">\n    <div class=\"columns full\">\n      <div class=\"field\"><label>Message<\/label><span class=\"wpcf7-form-control-wrap\" data-name=\"messaggio\"><textarea cols=\"40\" rows=\"5\" maxlength=\"2000\" class=\"wpcf7-form-control wpcf7-textarea\" aria-invalid=\"false\" name=\"messaggio\"><\/textarea><\/span>\n        <p class=\"info-tip\"><\/p>\n      <\/div>\n    <\/div>\n  <\/div>\n<\/div>\n<div class=\"container\">\n  <div class=\"row\">\n    <div class=\"columns one-half\">\n      <div class=\"field\"><label><\/label><span class=\"wpcf7-form-control-wrap\" data-name=\"acceptance-374\"><span class=\"wpcf7-form-control wpcf7-acceptance\"><span class=\"wpcf7-list-item\"><label><input type=\"checkbox\" name=\"acceptance-374\" value=\"1\" aria-invalid=\"false\" \/><span class=\"wpcf7-list-item-label\">I read the<a href=\"https:\/\/www.cogefrin.it\/en\/politica-sulla-privacy-codice-etico\/\" target=\"_blank\" style=\"text-decoration:underline\">Privacy Policy<\/a> and I consent to the processing of my personal data.<\/span><\/label><\/span><\/span><\/span>\n        <p class=\"info-tip\"><\/p>\n      <\/div>\n    <\/div>\n    <div class=\"columns one-half\">\n      <div class=\"field\"><label><\/label><input class=\"wpcf7-form-control wpcf7-submit has-spinner\" type=\"submit\" value=\"Invia\" \/>\n        <p class=\"info-tip\"><\/p>\n      <\/div>\n    <\/div>\n  <\/div>\n<\/div><div class=\"wpcf7-response-output\" aria-hidden=\"true\"><\/div>\n<input type=\"hidden\" name=\"trp-form-language\" value=\"en\"\/><\/form>\n<\/div>\n<\/div><\/div>\n\n<\/div><!-- .vgblk-rw-wrapper -->","protected":false},"excerpt":{"rendered":"<p>Un team di professionisti al vostro servizio La capacit\u00e0 di offrire un servizio di spedizioni completo sotto ogni punto di vista \u00e8 un punto di forza che rivendichiamo con orgoglio. Quando si sceglie un servizio di spedizioni \u00e8 importante affidarsi a un partner capace di fornire supporto per tutte le operazioni e le adempienze necessarie&#8230;.<\/p>","protected":false},"author":1,"featured_media":0,"parent":18490,"menu_order":0,"comment_status":"closed","ping_status":"closed","template":"","meta":{"inline_featured_image":false,"ngg_post_thumbnail":0,"footnotes":""},"class_list":["post-18919","page","type-page","status-publish","hentry"],"yoast_head":"<!-- This site is optimized with the Yoast SEO plugin v26.9 - https:\/\/yoast.com\/product\/yoast-seo-wordpress\/ -->\n<title>Servizi per le spedizioni | Cogefrin Group<\/title>\n<meta name=\"robots\" content=\"index, follow, max-snippet:-1, max-image-preview:large, max-video-preview:-1\" \/>\n<link rel=\"canonical\" href=\"https:\/\/www.cogefrin.it\/en\/servizi\/servizi-correlati\/\" \/>\n<meta property=\"og:locale\" content=\"en_US\" \/>\n<meta property=\"og:type\" content=\"article\" \/>\n<meta property=\"og:title\" content=\"Servizi per le spedizioni | Cogefrin Group\" \/>\n<meta property=\"og:description\" content=\"Un team di professionisti al vostro servizio La capacit\u00e0 di offrire un servizio di spedizioni completo sotto ogni punto di vista \u00e8 un punto di forza che rivendichiamo con orgoglio. Quando si sceglie un servizio di spedizioni \u00e8 importante affidarsi a un partner capace di fornire supporto per tutte le operazioni e le adempienze necessarie....\" \/>\n<meta property=\"og:url\" content=\"https:\/\/www.cogefrin.it\/en\/servizi\/servizi-correlati\/\" \/>\n<meta property=\"og:site_name\" content=\"Cogefrin Group\" \/>\n<meta property=\"article:modified_time\" content=\"2024-02-15T15:50:53+00:00\" \/>\n<meta name=\"twitter:card\" content=\"summary_large_image\" \/>\n<meta name=\"twitter:label1\" content=\"Est. reading time\" \/>\n\t<meta name=\"twitter:data1\" content=\"1 minute\" \/>\n<script type=\"application\/ld+json\" class=\"yoast-schema-graph\">{\"@context\":\"https:\/\/schema.org\",\"@graph\":[{\"@type\":\"WebPage\",\"@id\":\"https:\/\/www.cogefrin.it\/servizi\/servizi-correlati\/\",\"url\":\"https:\/\/www.cogefrin.it\/servizi\/servizi-correlati\/\",\"name\":\"Servizi per le spedizioni | Cogefrin Group\",\"isPartOf\":{\"@id\":\"https:\/\/www.cogefrin.it\/#website\"},\"datePublished\":\"2019-11-06T14:36:56+00:00\",\"dateModified\":\"2024-02-15T15:50:53+00:00\",\"breadcrumb\":{\"@id\":\"https:\/\/www.cogefrin.it\/servizi\/servizi-correlati\/#breadcrumb\"},\"inLanguage\":\"en-US\",\"potentialAction\":[{\"@type\":\"ReadAction\",\"target\":[\"https:\/\/www.cogefrin.it\/servizi\/servizi-correlati\/\"]}]},{\"@type\":\"BreadcrumbList\",\"@id\":\"https:\/\/www.cogefrin.it\/servizi\/servizi-correlati\/#breadcrumb\",\"itemListElement\":[{\"@type\":\"ListItem\",\"position\":1,\"name\":\"Home\",\"item\":\"https:\/\/www.cogefrin.it\/\"},{\"@type\":\"ListItem\",\"position\":2,\"name\":\"Servizi\",\"item\":\"https:\/\/www.cogefrin.it\/servizi\/\"},{\"@type\":\"ListItem\",\"position\":3,\"name\":\"Servizi per le spedizioni\"}]},{\"@type\":\"WebSite\",\"@id\":\"https:\/\/www.cogefrin.it\/#website\",\"url\":\"https:\/\/www.cogefrin.it\/\",\"name\":\"Cogefrin Group\",\"description\":\"\",\"publisher\":{\"@id\":\"https:\/\/www.cogefrin.it\/#organization\"},\"potentialAction\":[{\"@type\":\"SearchAction\",\"target\":{\"@type\":\"EntryPoint\",\"urlTemplate\":\"https:\/\/www.cogefrin.it\/?s={search_term_string}\"},\"query-input\":{\"@type\":\"PropertyValueSpecification\",\"valueRequired\":true,\"valueName\":\"search_term_string\"}}],\"inLanguage\":\"en-US\"},{\"@type\":\"Organization\",\"@id\":\"https:\/\/www.cogefrin.it\/#organization\",\"name\":\"Cogefrin Group\",\"url\":\"https:\/\/www.cogefrin.it\/\",\"logo\":{\"@type\":\"ImageObject\",\"inLanguage\":\"en-US\",\"@id\":\"https:\/\/www.cogefrin.it\/#\/schema\/logo\/image\/\",\"url\":\"https:\/\/www.cogefrin.it\/wp-content\/uploads\/2019\/10\/logo-cogefrin-spedizioni-internazionali_532x100.png\",\"contentUrl\":\"https:\/\/www.cogefrin.it\/wp-content\/uploads\/2019\/10\/logo-cogefrin-spedizioni-internazionali_532x100.png\",\"width\":532,\"height\":100,\"caption\":\"Cogefrin Group\"},\"image\":{\"@id\":\"https:\/\/www.cogefrin.it\/#\/schema\/logo\/image\/\"}}]}<\/script>\n<!-- \/ Yoast SEO plugin. -->","yoast_head_json":{"title":"Servizi per le spedizioni | Cogefrin Group","robots":{"index":"index","follow":"follow","max-snippet":"max-snippet:-1","max-image-preview":"max-image-preview:large","max-video-preview":"max-video-preview:-1"},"canonical":"https:\/\/www.cogefrin.it\/en\/servizi\/servizi-correlati\/","og_locale":"en_US","og_type":"article","og_title":"Servizi per le spedizioni | Cogefrin Group","og_description":"Un team di professionisti al vostro servizio La capacit\u00e0 di offrire un servizio di spedizioni completo sotto ogni punto di vista \u00e8 un punto di forza che rivendichiamo con orgoglio. Quando si sceglie un servizio di spedizioni \u00e8 importante affidarsi a un partner capace di fornire supporto per tutte le operazioni e le adempienze necessarie....","og_url":"https:\/\/www.cogefrin.it\/en\/servizi\/servizi-correlati\/","og_site_name":"Cogefrin Group","article_modified_time":"2024-02-15T15:50:53+00:00","twitter_card":"summary_large_image","twitter_misc":{"Est. reading time":"1 minute"},"schema":{"@context":"https:\/\/schema.org","@graph":[{"@type":"WebPage","@id":"https:\/\/www.cogefrin.it\/servizi\/servizi-correlati\/","url":"https:\/\/www.cogefrin.it\/servizi\/servizi-correlati\/","name":"Servizi per le spedizioni | Cogefrin Group","isPartOf":{"@id":"https:\/\/www.cogefrin.it\/#website"},"datePublished":"2019-11-06T14:36:56+00:00","dateModified":"2024-02-15T15:50:53+00:00","breadcrumb":{"@id":"https:\/\/www.cogefrin.it\/servizi\/servizi-correlati\/#breadcrumb"},"inLanguage":"en-US","potentialAction":[{"@type":"ReadAction","target":["https:\/\/www.cogefrin.it\/servizi\/servizi-correlati\/"]}]},{"@type":"BreadcrumbList","@id":"https:\/\/www.cogefrin.it\/servizi\/servizi-correlati\/#breadcrumb","itemListElement":[{"@type":"ListItem","position":1,"name":"Home","item":"https:\/\/www.cogefrin.it\/"},{"@type":"ListItem","position":2,"name":"Servizi","item":"https:\/\/www.cogefrin.it\/servizi\/"},{"@type":"ListItem","position":3,"name":"Servizi per le spedizioni"}]},{"@type":"WebSite","@id":"https:\/\/www.cogefrin.it\/#website","url":"https:\/\/www.cogefrin.it\/","name":"Cogefrin Group","description":"","publisher":{"@id":"https:\/\/www.cogefrin.it\/#organization"},"potentialAction":[{"@type":"SearchAction","target":{"@type":"EntryPoint","urlTemplate":"https:\/\/www.cogefrin.it\/?s={search_term_string}"},"query-input":{"@type":"PropertyValueSpecification","valueRequired":true,"valueName":"search_term_string"}}],"inLanguage":"en-US"},{"@type":"Organization","@id":"https:\/\/www.cogefrin.it\/#organization","name":"Cogefrin Group","url":"https:\/\/www.cogefrin.it\/","logo":{"@type":"ImageObject","inLanguage":"en-US","@id":"https:\/\/www.cogefrin.it\/#\/schema\/logo\/image\/","url":"https:\/\/www.cogefrin.it\/wp-content\/uploads\/2019\/10\/logo-cogefrin-spedizioni-internazionali_532x100.png","contentUrl":"https:\/\/www.cogefrin.it\/wp-content\/uploads\/2019\/10\/logo-cogefrin-spedizioni-internazionali_532x100.png","width":532,"height":100,"caption":"Cogefrin Group"},"image":{"@id":"https:\/\/www.cogefrin.it\/#\/schema\/logo\/image\/"}}]}},"_links":{"self":[{"href":"https:\/\/www.cogefrin.it\/en\/wp-json\/wp\/v2\/pages\/18919","targetHints":{"allow":["GET"]}}],"collection":[{"href":"https:\/\/www.cogefrin.it\/en\/wp-json\/wp\/v2\/pages"}],"about":[{"href":"https:\/\/www.cogefrin.it\/en\/wp-json\/wp\/v2\/types\/page"}],"author":[{"embeddable":true,"href":"https:\/\/www.cogefrin.it\/en\/wp-json\/wp\/v2\/users\/1"}],"replies":[{"embeddable":true,"href":"https:\/\/www.cogefrin.it\/en\/wp-json\/wp\/v2\/comments?post=18919"}],"version-history":[{"count":9,"href":"https:\/\/www.cogefrin.it\/en\/wp-json\/wp\/v2\/pages\/18919\/revisions"}],"predecessor-version":[{"id":19774,"href":"https:\/\/www.cogefrin.it\/en\/wp-json\/wp\/v2\/pages\/18919\/revisions\/19774"}],"up":[{"embeddable":true,"href":"https:\/\/www.cogefrin.it\/en\/wp-json\/wp\/v2\/pages\/18490"}],"wp:attachment":[{"href":"https:\/\/www.cogefrin.it\/en\/wp-json\/wp\/v2\/media?parent=18919"}],"curies":[{"name":"wp","href":"https:\/\/api.w.org\/{rel}","templated":true}]}}