{"id":19211,"date":"2020-04-02T18:42:29","date_gmt":"2020-04-02T16:42:29","guid":{"rendered":"https:\/\/www.cogefrin.it\/?page_id=19211"},"modified":"2020-04-02T18:48:35","modified_gmt":"2020-04-02T16:48:35","slug":"politica-sulla-privacy-codice-etico","status":"publish","type":"page","link":"https:\/\/www.cogefrin.it\/en\/politica-sulla-privacy-codice-etico\/","title":{"rendered":"Politica sulla Privacy &#038; Codice Etico"},"content":{"rendered":"<div class=\"vgblk-rw-wrapper limit-wrapper\">\n\t<h3><strong>PRIVACY POLICY &amp; CODE OF ETHICS<\/strong><\/h3>\n<p><strong>PRIVACY<\/strong><\/p>\n<p><strong>INFORMATION ON THE PROCESSING OF DATA<\/strong><\/p>\n<p>INFORMATIVA ART. 13 D.LGS. 196\/03 &#8220;CODICE IN MATERIA DI PROTEZIONE DEI DATI PERSONALI&#8221;<\/p>\n<p>Respect of your Privacy is very important to us. We therefore invite you to spend a few minutes to review our Policy in detail. To help in reading is divided into the following paragraphs:<\/p>\n<ul>\n<li>Registration information web site<\/li>\n<li>Informative newsletters<\/li>\n<li>Data collected for the request and contact information<\/li>\n<li>Data collected for sending reports<\/li>\n<li>Data collected for sending curricula<\/li>\n<li>Privacy service<\/li>\n<\/ul>\n<strong>REGISTRATION INFORMATION WEB SITE<\/strong><br \/>\nAi sensi dell\u2019art.13 D.Lgs. 196\/03 \u201cCodice in materia di protezione dei dati personali\u201d (di seguito \u201cCodice\u201d) COGEFRIN SPA informa che i dati sono raccolti per la finalit\u00e0 di registrazione al sito Internet e, con il suo consenso, per finalit\u00e0 di marketing anche diretto, di ricerche di mercato e di profilazione. I dati saranno trattati con modalit\u00e0 manuali, informatiche e\/o telematiche. Il conferimento dei dati contrassegnati da asterisco \u00e8 necessario per completare la registrazione. I dati non saranno n\u00e9 comunicati n\u00e9 diffusi. Potranno essere conosciuti da societ\u00e0 esterne addette ad alcune operazioni del trattamento (nominate responsabili del trattamento) e dalle seguenti categorie di incaricati: Direzione Marketing, Privacy, Processi e Sistemi, Sistemi informativi aziendali. L\u2019interessato potr\u00e0 rivolgersi al Servizio Privacy ( COGEFRIN S.p.A. &#8211; Servizio Privacy &#8211; Via Giuseppe di Vittorio, 21, 40013 Castel Maggiore- Bologna ) per conoscere i dati e farli integrare, modificare o cancellare per violazione di legge, od opporsi al loro trattamento (o per esercitare gli altri diritti previsti dall\u2019art. 7 del Codice). Titolare del trattamento \u00e8 COGEFRIN S.p.A. \u00a0con sede in Via Giuseppe di Vittorio, 21, 40013 Castel Maggiore- Bologna.\n<strong>INFORMATIVE NEWSLETTERS<\/strong><br \/>\nPursuant to art.13 D. Lgs. 196\/03 \u201cCode in matter of protection of personal data\u201d (hereinafter the \u201cCode\u201d) COGEFRIN spa informed that the data is collected for the purpose of sending the Newsletter, and, with his consent, for marketing purposes and also direct profiling. The data will be processed by manual, computerised and\/or electronic. The conferment of the data marked by an asterisk is required for registration. The data will not be communicated or disseminated. May be known by external companies involved in some of the processing operations (appointed as responsible for the treatment) and by the following categories of employees: Marketing management, Privacy, Processes and Systems, business information Systems. Interested parties may contact the Privacy Service (COGEFRIN Spa - Service - Privacy- Via Giuseppe di Vittorio, 21, 40013 Castel Maggiore - Bologna) to know the data, integrate, modify, or delete a violation of the law, or to oppose to their treatment (or to exercise the other rights provided for by art. 7 of the Code). Holder of the treatment is COGEFRIN S.p.A., with registered office in Via Giuseppe di Vittorio, 21, 40013 Castel Maggiore - Bologna, italy.\n<strong>DATA COLLECTED FOR THE REQUEST AND CONTACT INFORMATION<\/strong><br \/>\nWe inform you that your data are collected for the purpose of sending information you may have requested and, with your consent, for the sending of advertising material and promotional purposes (including through automated tools). The data will be processed by manual, computerised and\/or electronic. The data may also be disclosed to external companies involved in some of the operations of the collection (named responsible for the treatment) and by the following categories of officers: clerk collection, marketing and communications director of research and development, quality assurance, operations manager, RAM, and quality assurance.\n<strong>DATA COLLECTED FOR SENDING REPORTS TO THE GROUP COGEFRIN SPA<\/strong><br \/>\nWe inform you that your data are collected for the purpose of management reporting. The data will be processed by manual, computerised and\/or electronic. The provision of the requested data is optional. The refusal to provide the data does not entail any consequence. The data will not be communicated or disseminated. May come to the knowledge of the data employees\/employees of our company workers in the service reports and data processors.\n<strong>DATA COLLECTED FOR SENDING CURRICULA <\/strong><strong>COGEFRIN SPA<\/strong><br \/>\nInforms you, pursuant to art. 13 of the Code, the personal data You have provided to the undersigned company, spontaneously or in response to the announcement, are subject to the treatment provided for by the same law. We remind you that the processing is any operation or set of operations, performed with or without the aid of electronic or automated means, concerning the collection, recording, consultation, organization, conservation, elaboration, modification, selection, extraction, comparison, use, interconnection, blocking, communication, dissemination, deletion and destruction of personal data of the interested party. The purposes of said processing, that will happen with the methodologies and automated, are those related to the evaluation of an application for a possible working relationship or collaboration with the writer (or the Companies belonging to the Group). The provision of such data is optional, the refusal to provide data may result in an incorrect assessment of his professional qualities. The data in question will not be disseminated and will be processed by our company for a period of 6 months, after which the data will be destroyed.. You can be assured that all communication will be in compliance with the rule and, in particular, to be strictly related to the purposes indicated above. Please bear in mind that the personal information You supplied spontaneously, there may also be some data defined as \u201csensitive\u201d (ex art. 4 c.(1) (d) of the Code) (relating, in particular, to protected categories). It is also observed that the data of which we are or may come into possession of it, and You provided may be related also to His family. You can contact the Privacy Service at the data controller to check your personal data, integrate, update or correct it, and\/or to exercise the other rights provided for by art. 7 of the Code. We wish to inform you that the controller of personal data is COGEFRIN S.p.A., with registered office in Via Giuseppe di Vittorio, 21, 40013 Castel Maggiore - Bologna, italy.\n<strong>PRIVACY SERVICE<\/strong><br \/>\nYou can call our. Privacy service (COGEFRIN Spa-service - privacy- with registered office in Via Giuseppe di Vittorio, 21, 40013 Castel Maggiore - Bologna) and know your data, integrate, modify, or delete a violation of the law, or oppose to their treatment (or to exercise the other rights provided for by art. 7 of the Code). Holder of the treatment is COGEFRIN S.p.A., with registered office in Via Giuseppe di Vittorio, 21, 40013 Castel Maggiore - Bologna, italy.\n<p>&nbsp;<\/p>\n<h3><strong>CODE OF ETHICS<\/strong><\/h3>\n<p><strong><u>responsibility<\/u><\/strong><\/p>\n<p>All the operations and behavior in the performance of its functions or of their position, must be inspired by\u00a0<u>formal and substantial legitimacy<\/u>\u00a0and\u00a0<u>strict compliance with current regulations and internal procedures<\/u>.<\/p>\n<p>A behavior-aware and accountable in the exercise of their function or activity is of critical importance for the implementation of and compliance with this regulation.<\/p>\n<p>&nbsp;<\/p>\n<p><strong><u>attention to the customer \u2013 quality products and services<\/u><\/strong><\/p>\n<p>The primary objective of the COGEFRIN spa, the basis of every business strategy is to obtain the satisfaction and trust of its customers: in order to achieve the above objective,\u00a0<u>all those who provide their work in favor of the company, must tend to the continuous improvement of the quality of the products and services offered<\/u>.<\/p>\n<p>&nbsp;<\/p>\n<p><strong><u>imparzialita\u2019<\/u><\/strong><\/p>\n<p>Every relationship, both internal and external to the company (for example, career paths, tenders, etc.) must be inspired by the principle of impartiality and non-discrimination regardless of gender, age, sex, health, recommendations or suggestions from external sources or internal.<\/p>\n<p>In any case it is forbidden to make any investigation of ideas, preferences, personal tastes, and, in general, the private life of employees.<\/p>\n<p>&nbsp;<\/p>\n<p><strong><u>conflicts of interest<\/u><\/strong><\/p>\n<p>In the conduct of any activities of interest to the company, must always be avoided situations where the parties concerned are involved in a conflict of interest.<\/p>\n<p>You have a conflict of interest when an employee, a consultant or an administrator to pursue a personal objective different from that pursued by COGEFRIN spa or to obtain a voluntary benefit staff on the occasion of the completion of the activities carried out in the interest of the company itself.<\/p>\n<p>&nbsp;<\/p>\n<p><strong><u>correctness<\/u><\/strong><\/p>\n<p>The company guarantees that, in the relations between the employees, the exercise of the principle of authority is never detrimental to the dignity, professionalism and independence of the employee is the same: each one must avoid situations of discrimination and\/or conflict of interest between the company and those who provide their work in the interest of the COGEFRIN S. p.To..<\/p>\n<p>&nbsp;<\/p>\n<p><strong><u>transparency<\/u><\/strong><\/p>\n<p>Each employee will provide the company with the necessary and correct information, in a way that is clear, complete and periodic, based on verbal communication written, fast and easy understanding.<\/p>\n<p>&nbsp;<\/p>\n<p><strong><u>privacy<\/u><\/strong><\/p>\n<p>The fundamental principle that each individual recipient of this regulation, whatever their function or activity, is that of the non-disclosure of confidential information, to protect the know-how, technical, financial, legal, administrative, personnel management and business of the company.<\/p>\n<p>All those who, in consequence of the performance of their tasks, have material access to confidential information, and relevant, are expected not to abuse this privilege only.<\/p>\n<p>The company guarantees the confidentiality of the information in its possession and shall refrain from seeking data confidential, except in cases of express and informed consent, and in full respect of the law.<\/p>\n<p>All employees and contractors are required to comply with this principle, even after the termination of labour relations and\/or the performance of the work provided.<\/p>\n<p>COGEFRIN spa undertakes to protect, in accordance with the privacy policy, the personal data collected, stored and processed in the framework of its activities, in order to prevent any unlawful use, or even abuse, of such information.<\/p>\n<p>In particular, the company adopts the standard procedures for the purpose of<\/p>\n<ul>\n<li>provide stakeholders with adequate information on the purposes and modalities of processing and storage of data;<\/li>\n<li>identify the situations in which the processing, communication and dissemination of data must be preceded ex lege by the acquisition of the consent of the person concerned;<\/li>\n<li>adopt the security measures in place to prevent the loss, destruction, and the treatment is not authorised or loss of personal data stored by the COGEFRIN Spa;<\/li>\n<li>establish the rules of application for the exercise of the rights recognized by the current regulations to taxable persons of the treatment.<\/li>\n<\/ul>\n<p>&nbsp;<\/p>\n<p><strong><u>efficiency<\/u><\/strong><\/p>\n<p>All persons who work and\/or collaborate with the COGEFRIN S.p.A. must do so by pursuing the maximum efficiency and economy.<\/p>\n<p>&nbsp;<\/p>\n<p><strong><u>Eticita\u2019 in relations with third parties<\/u><\/strong><\/p>\n<p>Are prohibited behaviours that can, even if only in the abstract, be construed as bribery, fraud, cheating, collusion and solicitation, direct or indirect, of personal and career advantages for themselves or for others.<\/p>\n<p>To the employees and collaborators of COGEFRIN S.p.A. is prohibited, in dealings with public officials and\/or in charge of a public service, to give or promise money or other benefits under any other form.<\/p>\n<p>It is strictly forbidden to make and\/or receive any form of gift, gift, or grant benefits to persons that have business relationships and\/or business with COGEFRIN S.p.A., except in the case where such forms of gift, gift, benefit, are of limited value, and they fall under the ordinary practices and customs.<\/p>\n<p>In any case, before proceeding to make any form of gift, gift or benefit, although of limited value, every employee should ask the express permission of the head of the office to which dependencies work or on the board of directors, and each employee must report to the office manager with whom he collaborated on, so as to be notified of the conduct.<\/p>\n<p>In turn, the head of the office shall request the authorization to the board of Directors for the initiatives that you believe might be taken.<\/p>\n<p>It is understood that anyone who acts in the name and for the account of the company, you will have to refrain from practices that are not permitted by the law, by usage of trade, or by regulation or corporate ethical \u2013 if known \u2013 of the stakeholders in the public and\/or private entities with which it has relationships.<\/p>\n<p>Employees or contractors of the COGEFRIN spa which, by reason of the activity for this last, receive gifts or benefits in any form, though of small value, are required to inform the head of the office to which dependencies work, if employees, or they&#039;re working with, if co-workers, or, if the employees, to their direct superior, who shall, however, notify the Directorate General.<\/p>\n<p>&nbsp;<\/p>\n<p><strong><u>protection of the environment<\/u><\/strong><\/p>\n<p>The company considers respect for the environment is a fundamental value and a priority; in particular the commitment of the COGEFRIN S.p.A. on this front is facing<\/p>\n<ul>\n<li>the reduction of the environmental impact of all stages of the production process and logistics services;<\/li>\n<li>to favour the use of raw materials that are certified and guaranteed by the chain-of-custody, adopting policies on sustainable procurement, as indicated by the policy of the supplies of the company;<\/li>\n<li>the promotion of appropriate initiatives that will help to preserve the natural resources, whether renewable, non-renewable and reduce as far as possible, the emissions of pollutants and the production of waste;<\/li>\n<li>the development and promotion of products with higher sustainability of the company.<\/li>\n<\/ul>\n<p>Every employee of the company is required to share, and to achieve the objectives of the environmental policy of the company.<\/p>\n<p>&nbsp;<\/p>\n<p><strong><u>safety in the workplace<\/u><\/strong><\/p>\n<p>The fundamental objective of the COGEFRIN S.p.A. is the achievement and maintenance of the highest levels of safety and health in the workplace, in order to ensure, in every time, suitable and appropriate standards of safety, particularly with regard to the work equipment made available to workers and employees.<\/p>\n<p>The COGEFRIN S.p.A., with the active collaboration of its employees and collaborators, each in the context of their duties and delegated tasks, with the aim to<\/p>\n<ul>\n<li>to promote and implement all reasonable initiative to eliminate or, where that is not possible, to strongly reduce any risk that may generate danger to the safety of workers, employees, and anyone inside the complex of the company;<\/li>\n<li>to maintain the highest standards of management and monitoring internal to the company, in order to ensure the respect of the regulations set out in safety.<\/li>\n<\/ul>\n<p>&nbsp;<\/p>\n<\/div><!-- .vgblk-rw-wrapper -->","protected":false},"excerpt":{"rendered":"<p>POLITICA SULLA PRIVACY &amp; CODICE ETICO PRIVACY INFORMATIVA SUL TRATTAMENTO DEI DATI INFORMATIVA ART. 13 D.LGS. 196\/03 &#8220;CODICE IN MATERIA DI PROTEZIONE DEI DATI PERSONALI&#8221; Il rispetto della tua Privacy \u00e8 per noi di grande importanza. Ti invitiamo pertanto a spendere qualche minuto per esaminare in dettaglio la nostra Policy. Per aiutarti nella lettura \u00e8&#8230;<\/p>","protected":false},"author":1,"featured_media":0,"parent":0,"menu_order":0,"comment_status":"closed","ping_status":"closed","template":"","meta":{"inline_featured_image":false,"ngg_post_thumbnail":0,"footnotes":""},"class_list":["post-19211","page","type-page","status-publish","hentry"],"yoast_head":"<!-- This site is optimized with the Yoast SEO plugin v26.9 - https:\/\/yoast.com\/product\/yoast-seo-wordpress\/ -->\n<title>Politica sulla Privacy &amp; Codice Etico | Cogefrin Group<\/title>\n<meta name=\"robots\" content=\"index, follow, max-snippet:-1, max-image-preview:large, max-video-preview:-1\" \/>\n<link rel=\"canonical\" href=\"https:\/\/www.cogefrin.it\/en\/politica-sulla-privacy-codice-etico\/\" \/>\n<meta property=\"og:locale\" content=\"en_US\" \/>\n<meta property=\"og:type\" content=\"article\" \/>\n<meta property=\"og:title\" content=\"Politica sulla Privacy &amp; Codice Etico | Cogefrin Group\" \/>\n<meta property=\"og:description\" content=\"POLITICA SULLA PRIVACY &amp; CODICE ETICO PRIVACY INFORMATIVA SUL TRATTAMENTO DEI DATI INFORMATIVA ART. 13 D.LGS. 196\/03 &#8220;CODICE IN MATERIA DI PROTEZIONE DEI DATI PERSONALI&#8221; Il rispetto della tua Privacy \u00e8 per noi di grande importanza. Ti invitiamo pertanto a spendere qualche minuto per esaminare in dettaglio la nostra Policy. Per aiutarti nella lettura \u00e8...\" \/>\n<meta property=\"og:url\" content=\"https:\/\/www.cogefrin.it\/en\/politica-sulla-privacy-codice-etico\/\" \/>\n<meta property=\"og:site_name\" content=\"Cogefrin Group\" \/>\n<meta property=\"article:modified_time\" content=\"2020-04-02T16:48:35+00:00\" \/>\n<meta name=\"twitter:card\" content=\"summary_large_image\" \/>\n<meta name=\"twitter:label1\" content=\"Est. reading time\" \/>\n\t<meta name=\"twitter:data1\" content=\"11 minutes\" \/>\n<script type=\"application\/ld+json\" class=\"yoast-schema-graph\">{\"@context\":\"https:\/\/schema.org\",\"@graph\":[{\"@type\":\"WebPage\",\"@id\":\"https:\/\/www.cogefrin.it\/politica-sulla-privacy-codice-etico\/\",\"url\":\"https:\/\/www.cogefrin.it\/politica-sulla-privacy-codice-etico\/\",\"name\":\"Politica sulla Privacy & Codice Etico | Cogefrin Group\",\"isPartOf\":{\"@id\":\"https:\/\/www.cogefrin.it\/#website\"},\"datePublished\":\"2020-04-02T16:42:29+00:00\",\"dateModified\":\"2020-04-02T16:48:35+00:00\",\"breadcrumb\":{\"@id\":\"https:\/\/www.cogefrin.it\/politica-sulla-privacy-codice-etico\/#breadcrumb\"},\"inLanguage\":\"en-US\",\"potentialAction\":[{\"@type\":\"ReadAction\",\"target\":[\"https:\/\/www.cogefrin.it\/politica-sulla-privacy-codice-etico\/\"]}]},{\"@type\":\"BreadcrumbList\",\"@id\":\"https:\/\/www.cogefrin.it\/politica-sulla-privacy-codice-etico\/#breadcrumb\",\"itemListElement\":[{\"@type\":\"ListItem\",\"position\":1,\"name\":\"Home\",\"item\":\"https:\/\/www.cogefrin.it\/\"},{\"@type\":\"ListItem\",\"position\":2,\"name\":\"Politica sulla Privacy &#038; Codice Etico\"}]},{\"@type\":\"WebSite\",\"@id\":\"https:\/\/www.cogefrin.it\/#website\",\"url\":\"https:\/\/www.cogefrin.it\/\",\"name\":\"Cogefrin Group\",\"description\":\"\",\"publisher\":{\"@id\":\"https:\/\/www.cogefrin.it\/#organization\"},\"potentialAction\":[{\"@type\":\"SearchAction\",\"target\":{\"@type\":\"EntryPoint\",\"urlTemplate\":\"https:\/\/www.cogefrin.it\/?s={search_term_string}\"},\"query-input\":{\"@type\":\"PropertyValueSpecification\",\"valueRequired\":true,\"valueName\":\"search_term_string\"}}],\"inLanguage\":\"en-US\"},{\"@type\":\"Organization\",\"@id\":\"https:\/\/www.cogefrin.it\/#organization\",\"name\":\"Cogefrin Group\",\"url\":\"https:\/\/www.cogefrin.it\/\",\"logo\":{\"@type\":\"ImageObject\",\"inLanguage\":\"en-US\",\"@id\":\"https:\/\/www.cogefrin.it\/#\/schema\/logo\/image\/\",\"url\":\"https:\/\/www.cogefrin.it\/wp-content\/uploads\/2019\/10\/logo-cogefrin-spedizioni-internazionali_532x100.png\",\"contentUrl\":\"https:\/\/www.cogefrin.it\/wp-content\/uploads\/2019\/10\/logo-cogefrin-spedizioni-internazionali_532x100.png\",\"width\":532,\"height\":100,\"caption\":\"Cogefrin Group\"},\"image\":{\"@id\":\"https:\/\/www.cogefrin.it\/#\/schema\/logo\/image\/\"}}]}<\/script>\n<!-- \/ Yoast SEO plugin. -->","yoast_head_json":{"title":"Politica sulla Privacy & Codice Etico | Cogefrin Group","robots":{"index":"index","follow":"follow","max-snippet":"max-snippet:-1","max-image-preview":"max-image-preview:large","max-video-preview":"max-video-preview:-1"},"canonical":"https:\/\/www.cogefrin.it\/en\/politica-sulla-privacy-codice-etico\/","og_locale":"en_US","og_type":"article","og_title":"Politica sulla Privacy & Codice Etico | Cogefrin Group","og_description":"POLITICA SULLA PRIVACY &amp; CODICE ETICO PRIVACY INFORMATIVA SUL TRATTAMENTO DEI DATI INFORMATIVA ART. 13 D.LGS. 196\/03 &#8220;CODICE IN MATERIA DI PROTEZIONE DEI DATI PERSONALI&#8221; Il rispetto della tua Privacy \u00e8 per noi di grande importanza. Ti invitiamo pertanto a spendere qualche minuto per esaminare in dettaglio la nostra Policy. Per aiutarti nella lettura \u00e8...","og_url":"https:\/\/www.cogefrin.it\/en\/politica-sulla-privacy-codice-etico\/","og_site_name":"Cogefrin Group","article_modified_time":"2020-04-02T16:48:35+00:00","twitter_card":"summary_large_image","twitter_misc":{"Est. reading time":"11 minutes"},"schema":{"@context":"https:\/\/schema.org","@graph":[{"@type":"WebPage","@id":"https:\/\/www.cogefrin.it\/politica-sulla-privacy-codice-etico\/","url":"https:\/\/www.cogefrin.it\/politica-sulla-privacy-codice-etico\/","name":"Politica sulla Privacy & Codice Etico | Cogefrin Group","isPartOf":{"@id":"https:\/\/www.cogefrin.it\/#website"},"datePublished":"2020-04-02T16:42:29+00:00","dateModified":"2020-04-02T16:48:35+00:00","breadcrumb":{"@id":"https:\/\/www.cogefrin.it\/politica-sulla-privacy-codice-etico\/#breadcrumb"},"inLanguage":"en-US","potentialAction":[{"@type":"ReadAction","target":["https:\/\/www.cogefrin.it\/politica-sulla-privacy-codice-etico\/"]}]},{"@type":"BreadcrumbList","@id":"https:\/\/www.cogefrin.it\/politica-sulla-privacy-codice-etico\/#breadcrumb","itemListElement":[{"@type":"ListItem","position":1,"name":"Home","item":"https:\/\/www.cogefrin.it\/"},{"@type":"ListItem","position":2,"name":"Politica sulla Privacy &#038; Codice Etico"}]},{"@type":"WebSite","@id":"https:\/\/www.cogefrin.it\/#website","url":"https:\/\/www.cogefrin.it\/","name":"Cogefrin Group","description":"","publisher":{"@id":"https:\/\/www.cogefrin.it\/#organization"},"potentialAction":[{"@type":"SearchAction","target":{"@type":"EntryPoint","urlTemplate":"https:\/\/www.cogefrin.it\/?s={search_term_string}"},"query-input":{"@type":"PropertyValueSpecification","valueRequired":true,"valueName":"search_term_string"}}],"inLanguage":"en-US"},{"@type":"Organization","@id":"https:\/\/www.cogefrin.it\/#organization","name":"Cogefrin Group","url":"https:\/\/www.cogefrin.it\/","logo":{"@type":"ImageObject","inLanguage":"en-US","@id":"https:\/\/www.cogefrin.it\/#\/schema\/logo\/image\/","url":"https:\/\/www.cogefrin.it\/wp-content\/uploads\/2019\/10\/logo-cogefrin-spedizioni-internazionali_532x100.png","contentUrl":"https:\/\/www.cogefrin.it\/wp-content\/uploads\/2019\/10\/logo-cogefrin-spedizioni-internazionali_532x100.png","width":532,"height":100,"caption":"Cogefrin Group"},"image":{"@id":"https:\/\/www.cogefrin.it\/#\/schema\/logo\/image\/"}}]}},"_links":{"self":[{"href":"https:\/\/www.cogefrin.it\/en\/wp-json\/wp\/v2\/pages\/19211","targetHints":{"allow":["GET"]}}],"collection":[{"href":"https:\/\/www.cogefrin.it\/en\/wp-json\/wp\/v2\/pages"}],"about":[{"href":"https:\/\/www.cogefrin.it\/en\/wp-json\/wp\/v2\/types\/page"}],"author":[{"embeddable":true,"href":"https:\/\/www.cogefrin.it\/en\/wp-json\/wp\/v2\/users\/1"}],"replies":[{"embeddable":true,"href":"https:\/\/www.cogefrin.it\/en\/wp-json\/wp\/v2\/comments?post=19211"}],"version-history":[{"count":2,"href":"https:\/\/www.cogefrin.it\/en\/wp-json\/wp\/v2\/pages\/19211\/revisions"}],"predecessor-version":[{"id":19213,"href":"https:\/\/www.cogefrin.it\/en\/wp-json\/wp\/v2\/pages\/19211\/revisions\/19213"}],"wp:attachment":[{"href":"https:\/\/www.cogefrin.it\/en\/wp-json\/wp\/v2\/media?parent=19211"}],"curies":[{"name":"wp","href":"https:\/\/api.w.org\/{rel}","templated":true}]}}